{"id":1560,"date":"2020-08-14T13:45:50","date_gmt":"2020-08-14T13:45:50","guid":{"rendered":"https:\/\/allakanspara.se\/?page_id=1560"},"modified":"2021-05-01T08:50:33","modified_gmt":"2021-05-01T08:50:33","slug":"kreditkort","status":"publish","type":"page","link":"https:\/\/allakanspara.se\/?page_id=1560","title":{"rendered":"Kreditkort"},"content":{"rendered":"<p>[et_pb_section fb_built=&#8221;1&#8243; _builder_version=&#8221;4.6.1&#8243; _module_preset=&#8221;default&#8221; background_color=&#8221;#ffffff&#8221;][et_pb_row column_structure=&#8221;2_3,1_3&#8243; _builder_version=&#8221;4.6.1&#8243; _module_preset=&#8221;default&#8221;][et_pb_column type=&#8221;2_3&#8243; _builder_version=&#8221;4.6.1&#8243; _module_preset=&#8221;default&#8221;][et_pb_text _builder_version=&#8221;4.5.1&#8243; text_font=&#8221;PT Sans||||||||&#8221; text_text_color=&#8221;#000000&#8243; text_font_size=&#8221;18px&#8221; text_line_height=&#8221;1.8em&#8221; header_font=&#8221;Poppins|500|||||||&#8221; header_text_color=&#8221;#000000&#8243; header_font_size=&#8221;44px&#8221; header_line_height=&#8221;1.3em&#8221; header_2_font=&#8221;||||||||&#8221; header_2_text_color=&#8221;#007f8f&#8221; header_3_font=&#8221;||||||||&#8221; header_4_font=&#8221;||||||||&#8221; background_layout=&#8221;dark&#8221;]<\/p>\n<h1>Spara Pengar Med Ett Kreditkort<\/h1>\n<p>De finns massor av kreditkort och det \u00e4r sv\u00e5rt att hitta det b\u00e4sta, m\u00e5nga orkar inte leta efter de och betalar d\u00e4rf\u00f6r on\u00f6diga utgifter som man troligen inte har koll p\u00e5. Komplett \u00e4r det b\u00e4sta och det jag personligen anv\u00e4nder, du kan spara pengar genom att anv\u00e4nda Kompletts kreditkort som ger dig en bonus, anv\u00e4nd dock bara kredit p\u00e5 saker du annars hade k\u00f6pt och p\u00e5 saker du kan betala i tid.<\/p>\n<p>[\/et_pb_text][et_pb_button button_url=&#8221;https:\/\/track.adtraction.com\/t\/t?a=1233068417&#038;as=1521806847&#038;t=2&#038;tk=1&#8243; button_text=&#8221;Skaffa Komplett Kreditkort&#8221; _builder_version=&#8221;4.6.1&#8243; custom_button=&#8221;on&#8221; button_text_size=&#8221;16px&#8221; button_text_color=&#8221;#ffffff&#8221; button_bg_color=&#8221;#007f8f&#8221; button_border_color=&#8221;#ffffff&#8221; button_border_radius=&#8221;100px&#8221; button_font=&#8221;PT Sans|700|||||||&#8221; button_use_icon=&#8221;off&#8221; custom_margin=&#8221;|||&#8221; custom_padding=&#8221;10px|30px|10px|30px&#8221; box_shadow_style=&#8221;preset3&#8243; box_shadow_vertical=&#8221;8px&#8221; box_shadow_blur=&#8221;35px&#8221; box_shadow_color=&#8221;rgba(77,170,242,0.36)&#8221; button_text_size__hover_enabled=&#8221;off&#8221; button_one_text_size__hover_enabled=&#8221;off&#8221; button_two_text_size__hover_enabled=&#8221;off&#8221; button_text_color__hover_enabled=&#8221;off&#8221; button_one_text_color__hover_enabled=&#8221;off&#8221; button_two_text_color__hover_enabled=&#8221;off&#8221; button_border_width__hover_enabled=&#8221;off&#8221; button_one_border_width__hover_enabled=&#8221;off&#8221; button_two_border_width__hover_enabled=&#8221;off&#8221; button_border_color__hover_enabled=&#8221;off&#8221; button_one_border_color__hover_enabled=&#8221;off&#8221; button_two_border_color__hover_enabled=&#8221;off&#8221; button_border_radius__hover_enabled=&#8221;off&#8221; button_one_border_radius__hover_enabled=&#8221;off&#8221; button_two_border_radius__hover_enabled=&#8221;off&#8221; button_letter_spacing__hover_enabled=&#8221;off&#8221; button_one_letter_spacing__hover_enabled=&#8221;off&#8221; button_two_letter_spacing__hover_enabled=&#8221;off&#8221; button_bg_color__hover_enabled=&#8221;off&#8221; button_one_bg_color__hover_enabled=&#8221;off&#8221; button_two_bg_color__hover_enabled=&#8221;off&#8221;][\/et_pb_button][\/et_pb_column][et_pb_column type=&#8221;1_3&#8243; _builder_version=&#8221;4.6.1&#8243; _module_preset=&#8221;default&#8221;][et_pb_image src=&#8221;http:\/\/allakanspara.se\/wp-content\/uploads\/2020\/08\/da8HLmqL_400x400.jpg&#8221; alt=&#8221;kreditkort&#8221; title_text=&#8221;da8HLmqL_400x400&#8243; _builder_version=&#8221;4.6.1&#8243; _module_preset=&#8221;default&#8221; min_height=&#8221;46px&#8221; custom_margin=&#8221;-14px|||||&#8221; custom_padding=&#8221;0px||0px|||&#8221;][\/et_pb_image][\/et_pb_column][\/et_pb_row][\/et_pb_section][et_pb_section fb_built=&#8221;1&#8243; admin_label=&#8221;Our Services&#8221; _builder_version=&#8221;4.5.1&#8243; background_color=&#8221;#ffffff&#8221; min_height=&#8221;506px&#8221; custom_padding=&#8221;7px|0px|100px|0px||&#8221;][et_pb_row column_structure=&#8221;2_3,1_3&#8243; admin_label=&#8221;New standard of payments&#8221; _builder_version=&#8221;3.25&#8243;][et_pb_column type=&#8221;2_3&#8243; _builder_version=&#8221;3.25&#8243; custom_padding=&#8221;|||&#8221; custom_padding__hover=&#8221;|||&#8221;][et_pb_text _builder_version=&#8221;4.5.1&#8243; text_font=&#8221;PT Sans||||||||&#8221; text_text_color=&#8221;#000000&#8243; text_font_size=&#8221;18px&#8221; text_line_height=&#8221;1.8em&#8221; header_font=&#8221;||||||||&#8221; header_text_color=&#8221;#000000&#8243; header_2_font=&#8221;Poppins|500|||||||&#8221; header_2_text_color=&#8221;#000000&#8243; header_2_font_size=&#8221;38px&#8221; header_2_line_height=&#8221;1.3em&#8221; header_3_font=&#8221;||||||||&#8221; header_4_font=&#8221;||||||||&#8221;]<\/p>\n<h2>Spara p\u00e5 cashback samt att slipp dyra avgifter<\/h2>\n<p>Avgiften f\u00f6r att f\u00e5 kortet \u00e4r inget, det \u00e4r allts\u00e5 helt gratis och du betalar inget f\u00f6r att f\u00e5 de. \u00c5rsaviften f\u00f6r kortet \u00e4r \u00e4ven den helt gratis. F\u00f6r alla saker du k\u00f6per med ditt Komplett kort f\u00e5r du en bonus som best\u00e5r av att pengar betalas ut till ditt konto. Du f\u00e5r mellan 1-4 % tillbaka p\u00e5 summa du k\u00f6pt en produkt f\u00f6r vilket jag tycker \u00e4r ett mycket bra s\u00e4tta att spara pengar p\u00e5.<\/p>\n<p>&nbsp;<\/p>\n<p>[\/et_pb_text][et_pb_text _builder_version=&#8221;4.5.1&#8243; _module_preset=&#8221;default&#8221; text_text_color=&#8221;#000000&#8243; header_2_text_color=&#8221;#000000&#8243;]<\/p>\n<h3>Hur Mycket Bonus F\u00e5r Jag?<\/h3>\n<h2><strong><\/strong><\/h2>\n<p>Cashback vid k\u00f6p hos Komplett \u00e4r 4%<\/p>\n<p>Cashback vid internetk\u00f6p \u00e4r 2%<\/p>\n<p>Cashback p\u00e5 alla andra k\u00f6p \u00e4r 1%<\/p>\n<p>[\/et_pb_text][\/et_pb_column][et_pb_column type=&#8221;1_3&#8243; _builder_version=&#8221;3.25&#8243; custom_padding=&#8221;|||&#8221; custom_padding__hover=&#8221;|||&#8221;][\/et_pb_column][\/et_pb_row][et_pb_row column_structure=&#8221;1_2,1_2&#8243; admin_label=&#8221;Getting Paid&#8221; _builder_version=&#8221;3.25&#8243; min_height=&#8221;372px&#8221; custom_margin=&#8221;6px|auto||auto||&#8221;][et_pb_column type=&#8221;1_2&#8243; _builder_version=&#8221;3.25&#8243; custom_padding=&#8221;|||&#8221; custom_padding__hover=&#8221;|||&#8221;][et_pb_text _builder_version=&#8221;4.5.1&#8243; text_font=&#8221;PT Sans||||||||&#8221; text_text_color=&#8221;#000000&#8243; text_font_size=&#8221;18px&#8221; text_line_height=&#8221;1.8em&#8221; header_font=&#8221;||||||||&#8221; header_text_color=&#8221;#000000&#8243; header_2_font=&#8221;Poppins|500|||||||&#8221; header_2_text_color=&#8221;#000000&#8243; header_2_font_size=&#8221;38px&#8221; header_2_line_height=&#8221;1.3em&#8221; header_3_font=&#8221;||||||||&#8221; header_4_font=&#8221;||||||||&#8221;]<\/p>\n<h3>Beh\u00f6ver Du Byta Bank<strong>?<\/strong><\/h3>\n<p>Detta \u00e4r en mycket bra sak med kortet och det \u00e4r att du inte beh\u00f6ver byta bank utan kan ha allt kvar p\u00e5 din aktuella bank. Du beh\u00f6ver endast skaffa kreditkortet som varken har en start avgift eller en \u00e5rlig kostnad samt att du f\u00e5r bonusar p\u00e5 alla dina k\u00f6p.<\/p>\n<p>[\/et_pb_text][\/et_pb_column][et_pb_column type=&#8221;1_2&#8243; _builder_version=&#8221;3.25&#8243; custom_padding=&#8221;|||&#8221; custom_padding__hover=&#8221;|||&#8221;][et_pb_image src=&#8221;http:\/\/allakanspara.se\/wp-content\/uploads\/2020\/08\/bank-byte.png&#8221; title_text=&#8221;bank byte&#8221; _builder_version=&#8221;4.5.1&#8243; _module_preset=&#8221;default&#8221;][\/et_pb_image][\/et_pb_column][\/et_pb_row][\/et_pb_section][et_pb_section fb_built=&#8221;1&#8243; admin_label=&#8221;3 Cards Features&#8221; _builder_version=&#8221;4.5.1&#8243; background_color=&#8221;#007f8f&#8221; custom_padding=&#8221;100px|0px|100px|0px&#8221;][et_pb_row column_structure=&#8221;1_2,1_2&#8243; admin_label=&#8221;Sending Payments&#8221; _builder_version=&#8221;3.25&#8243; custom_margin=&#8221;|||&#8221;][et_pb_column type=&#8221;1_2&#8243; _builder_version=&#8221;3.25&#8243; custom_padding=&#8221;|||&#8221; custom_padding__hover=&#8221;|||&#8221;][et_pb_image src=&#8221;http:\/\/allakanspara.se\/wp-content\/uploads\/2020\/08\/komplett-kort.png&#8221; title_text=&#8221;komplett kort&#8221; url=&#8221;https:\/\/www.komplettbank.se\/kreditkort\/?gclid=CjwKCAjw1ej5BRBhEiwAfHyh1BnWH10ZEXH_gbGu0RwAVhoshQ2gPcbvgTyCfleVzngiRMmBv0ItoRoC7zMQAvD_BwE&#8221; align=&#8221;center&#8221; align_tablet=&#8221;center&#8221; align_phone=&#8221;&#8221; align_last_edited=&#8221;on|desktop&#8221; _builder_version=&#8221;4.5.6&#8243; animation_style=&#8221;slide&#8221; animation_direction=&#8221;bottom&#8221; animation_intensity_slide=&#8221;10%&#8221; border_color_all=&#8221;#007f8f&#8221;][\/et_pb_image][\/et_pb_column][et_pb_column type=&#8221;1_2&#8243; _builder_version=&#8221;3.25&#8243; custom_padding=&#8221;|||&#8221; custom_padding__hover=&#8221;|||&#8221;][et_pb_text _builder_version=&#8221;4.5.1&#8243; text_font=&#8221;PT Sans|700|||||||&#8221; text_text_color=&#8221;#007f8f&#8221; text_font_size=&#8221;15px&#8221; header_font=&#8221;||||||||&#8221;]<\/p>\n<p>F\u00f6rs\u00e4krningar som ing\u00e5r med kreditkortet<\/p>\n<p>[\/et_pb_text][et_pb_text _builder_version=&#8221;4.5.1&#8243; text_font=&#8221;PT Sans||||||||&#8221; text_text_color=&#8221;#ffffff&#8221; text_font_size=&#8221;18px&#8221; text_line_height=&#8221;1.8em&#8221; header_font=&#8221;||||||||&#8221; header_text_color=&#8221;#ffffff&#8221; header_2_font=&#8221;Poppins|500|||||||&#8221; header_2_text_color=&#8221;#ffffff&#8221; header_2_font_size=&#8221;38px&#8221; header_2_line_height=&#8221;1.3em&#8221; header_3_font=&#8221;||||||||&#8221; header_4_font=&#8221;||||||||&#8221;]<\/p>\n<h2>F\u00f6rs\u00e4kringar<\/h2>\n<p>Du f\u00e5r en Resef\u00f6rs\u00e4kring som g\u00e4ller f\u00f6r dig och din familj p\u00e5 resor, max 45 dagar.\u00a0<\/p>\n<p>Du f\u00e5r ID-st\u00f6ldsf\u00f6rs\u00e4kring som ger dig hj\u00e4lp, r\u00e5dgivning och juridisk assistans upp till 100 000 kr vid st\u00f6ld av ditt ID.\u00a0<\/p>\n<p>Du f\u00e5r ett k\u00f6pskydd f\u00f6r ditt kreditkort som s\u00e4krar upp till 25 000 kr ifall varor du har k\u00f6pt blir stulna vid brott, \u00f6verfall eller vid skada under fraktning.\u00a0<\/p>\n<p>[\/et_pb_text][et_pb_button button_url=&#8221;https:\/\/track.adtraction.com\/t\/t?a=1233068417&#038;as=1521806847&#038;t=2&#038;tk=1&#8243; button_text=&#8221;Skaffa Komplett Kreditkort Nu&#8221; _builder_version=&#8221;4.6.1&#8243; custom_button=&#8221;on&#8221; button_text_size=&#8221;16px&#8221; button_text_color=&#8221;#ffffff&#8221; button_bg_color=&#8221;#007f8f&#8221; button_border_color=&#8221;#ffffff&#8221; button_border_radius=&#8221;100px&#8221; button_font=&#8221;PT Sans|700|||||||&#8221; button_use_icon=&#8221;off&#8221; custom_margin=&#8221;|||&#8221; custom_padding=&#8221;10px|30px|10px|30px&#8221; box_shadow_style=&#8221;preset3&#8243; box_shadow_vertical=&#8221;8px&#8221; box_shadow_blur=&#8221;35px&#8221; box_shadow_color=&#8221;rgba(77,170,242,0.36)&#8221; locked=&#8221;off&#8221; button_text_size__hover_enabled=&#8221;off&#8221; button_one_text_size__hover_enabled=&#8221;off&#8221; button_two_text_size__hover_enabled=&#8221;off&#8221; button_text_color__hover_enabled=&#8221;off&#8221; button_one_text_color__hover_enabled=&#8221;off&#8221; button_two_text_color__hover_enabled=&#8221;off&#8221; button_border_width__hover_enabled=&#8221;off&#8221; button_one_border_width__hover_enabled=&#8221;off&#8221; button_two_border_width__hover_enabled=&#8221;off&#8221; button_border_color__hover_enabled=&#8221;off&#8221; button_one_border_color__hover_enabled=&#8221;off&#8221; button_two_border_color__hover_enabled=&#8221;off&#8221; button_border_radius__hover_enabled=&#8221;off&#8221; button_one_border_radius__hover_enabled=&#8221;off&#8221; button_two_border_radius__hover_enabled=&#8221;off&#8221; button_letter_spacing__hover_enabled=&#8221;off&#8221; button_one_letter_spacing__hover_enabled=&#8221;off&#8221; button_two_letter_spacing__hover_enabled=&#8221;off&#8221; button_bg_color__hover_enabled=&#8221;off&#8221; button_one_bg_color__hover_enabled=&#8221;off&#8221; button_two_bg_color__hover_enabled=&#8221;off&#8221;][\/et_pb_button][\/et_pb_column][\/et_pb_row][\/et_pb_section][et_pb_section fb_built=&#8221;1&#8243; custom_padding_last_edited=&#8221;on|desktop&#8221; admin_label=&#8221;Getting Paid&#8221; _builder_version=&#8221;4.5.1&#8243; background_color=&#8221;#ffffff&#8221; background_color_gradient_direction=&#8221;270deg&#8221; background_blend=&#8221;overlay&#8221; custom_margin=&#8221;|||&#8221; custom_padding=&#8221;100px|0px|100px|0px&#8221; custom_padding_tablet=&#8221;&#8221; custom_padding_phone=&#8221;&#8221; animation_direction=&#8221;right&#8221; border_radii=&#8221;||0px|0px|&#8221; border_width_all=&#8221;0px&#8221; border_color_all=&#8221;#333333&#8243; border_style_all=&#8221;solid&#8221; box_shadow_style=&#8221;preset6&#8243; box_shadow_horizontal=&#8221;50px&#8221; box_shadow_blur=&#8221;100px&#8221; box_shadow_color=&#8221;rgba(0,0,0,0.1)&#8221; box_shadow_position=&#8221;outer&#8221; locked=&#8221;off&#8221;][et_pb_row column_structure=&#8221;1_2,1_2&#8243; _builder_version=&#8221;4.5.1&#8243; _module_preset=&#8221;default&#8221;][et_pb_column type=&#8221;1_2&#8243; _builder_version=&#8221;4.5.1&#8243; _module_preset=&#8221;default&#8221;][et_pb_text _builder_version=&#8221;4.5.1&#8243; _module_preset=&#8221;default&#8221; text_text_color=&#8221;#007f8f&#8221;]<\/p>\n<p><strong>\u00c4r detta ett bra kort f\u00f6r dig?<\/strong><\/p>\n<p>[\/et_pb_text][et_pb_blurb title=&#8221;Detta kortet \u00e4r f\u00f6r dig ifall&#8230;&#8221; image=&#8221;http:\/\/allakanspara.se\/wp-content\/uploads\/2020\/08\/investeraren.png&#8221; _builder_version=&#8221;4.5.1&#8243; _module_preset=&#8221;default&#8221;]<\/p>\n<p>Om du \u00e4r en person som alltid kan betala fakturorna i tid, om du har kontroll \u00f6ver dina ink\u00f6p\u00a0 och har bra koll p\u00e5 din ekonomi \u00e4r detta ett mycket bra s\u00e4tt att spara pengar p\u00e5. Du f\u00e5r ett kort som ger dig pengar f\u00f6r att betala dina ink\u00f6p p\u00e5 kredit, d\u00e4rf\u00f6r finns det ingen nackdel f\u00f6r dig med att skaffa Komplett kreditkort.\u00a0<\/p>\n<p>[\/et_pb_blurb][\/et_pb_column][et_pb_column type=&#8221;1_2&#8243; _builder_version=&#8221;4.5.1&#8243; _module_preset=&#8221;default&#8221;][et_pb_text _builder_version=&#8221;4.5.1&#8243; _module_preset=&#8221;default&#8221; text_text_color=&#8221;#007f8f&#8221;]<\/p>\n<p><strong>\u00c4r detta ett d\u00e5ligt kort f\u00f6r dig?<\/strong><\/p>\n<p>[\/et_pb_text][et_pb_blurb title=&#8221;Detta kortet \u00e4r inte f\u00f6r dig ifall&#8230;&#8221; image=&#8221;http:\/\/allakanspara.se\/wp-content\/uploads\/2020\/08\/spenderaren.png&#8221; _builder_version=&#8221;4.5.1&#8243; _module_preset=&#8221;default&#8221;]<\/p>\n<p>Du har sv\u00e5rt att betala fakturor i tid, har sv\u00e5rt att kontrollera dina ink\u00f6p och k\u00f6per p\u00e5 impulser samt \u00f6verskrider din budget. Detta kommer leda till att koret kommer kosta dig pengar ist\u00e4llet f\u00f6r att spara dig pengar och det vill vi inte.\u00a0<\/p>\n<p>[\/et_pb_blurb][\/et_pb_column][\/et_pb_row][et_pb_row _builder_version=&#8221;4.7.7&#8243; _module_preset=&#8221;default&#8221;][et_pb_column type=&#8221;4_4&#8243; _builder_version=&#8221;4.7.7&#8243; _module_preset=&#8221;default&#8221;][et_pb_button button_url=&#8221;https:\/\/track.adtraction.com\/t\/t?a=1233068417&#038;as=1521806847&#038;t=2&#038;tk=1&#8243; button_text=&#8221;Skaffa Komplett kreditkort nu!&#8221; button_alignment=&#8221;center&#8221; _builder_version=&#8221;4.7.7&#8243; _module_preset=&#8221;default&#8221; custom_button=&#8221;on&#8221; button_text_color=&#8221;#ffffff&#8221; button_bg_color=&#8221;#007f8f&#8221; button_border_color=&#8221;#ffffff&#8221; background_layout=&#8221;dark&#8221;][\/et_pb_button][\/et_pb_column][\/et_pb_row][et_pb_row column_structure=&#8221;1_2,1_2&#8243; admin_label=&#8221;Getting Paid&#8221; _builder_version=&#8221;3.25&#8243; custom_margin=&#8221;|||&#8221; locked=&#8221;off&#8221;][et_pb_column type=&#8221;1_2&#8243; _builder_version=&#8221;3.25&#8243; custom_padding=&#8221;|||&#8221; custom_padding__hover=&#8221;|||&#8221;][et_pb_text _builder_version=&#8221;4.6.1&#8243; text_font=&#8221;PT Sans|700|||||||&#8221; text_text_color=&#8221;#007f8f&#8221; text_font_size=&#8221;15px&#8221; header_font=&#8221;||||||||&#8221;]<\/p>\n<p>L\u00e4s senaste inl\u00e4ggen om mina b\u00f6rs investeringar<\/p>\n<p>[\/et_pb_text][\/et_pb_column][et_pb_column type=&#8221;1_2&#8243; _builder_version=&#8221;3.25&#8243; custom_padding=&#8221;|||&#8221; custom_padding__hover=&#8221;|||&#8221;][\/et_pb_column][\/et_pb_row][et_pb_row use_custom_gutter=&#8221;on&#8221; gutter_width=&#8221;2&#8243; column_padding_mobile=&#8221;on&#8221; custom_padding_last_edited=&#8221;on|desktop&#8221; _builder_version=&#8221;4.5.1&#8243; use_background_color_gradient=&#8221;on&#8221; background_color_gradient_start=&#8221;#007f8f&#8221; background_color_gradient_end=&#8221;#007f8f&#8221; background_color_gradient_direction=&#8221;90deg&#8221; background_size=&#8221;initial&#8221; background_position=&#8221;top_left&#8221; background_repeat=&#8221;repeat&#8221; width=&#8221;90%&#8221; max_width=&#8221;90%&#8221; custom_margin=&#8221;|||0px&#8221; custom_padding=&#8221;60px|10%|60px|20%&#8221; custom_padding_tablet=&#8221;100px||100px|10%&#8221; custom_padding_phone=&#8221;|||&#8221; animation_style=&#8221;slide&#8221; animation_direction=&#8221;left&#8221; animation_intensity_slide=&#8221;5%&#8221; animation_starting_opacity=&#8221;100%&#8221; border_radii=&#8221;||200px|200px|&#8221; box_shadow_style=&#8221;preset4&#8243; box_shadow_horizontal=&#8221;30px&#8221; box_shadow_vertical=&#8221;0px&#8221; box_shadow_color=&#8221;rgba(255,255,255,0.2)&#8221; use_custom_width=&#8221;on&#8221; width_unit=&#8221;off&#8221; custom_width_percent=&#8221;90%&#8221;][et_pb_column type=&#8221;4_4&#8243; _builder_version=&#8221;3.25&#8243; custom_padding=&#8221;|||&#8221; custom_padding__hover=&#8221;|||&#8221;][et_pb_blog fullwidth=&#8221;off&#8221; posts_number=&#8221;3&#8243; show_author=&#8221;off&#8221; show_date=&#8221;off&#8221; show_categories=&#8221;off&#8221; show_pagination=&#8221;off&#8221; _builder_version=&#8221;3.0.94&#8243; header_font=&#8221;PT Sans|700|||||||&#8221; header_line_height=&#8221;1.3em&#8221; body_font=&#8221;PT Sans||||||||&#8221; body_font_size=&#8221;16px&#8221; body_line_height=&#8221;1.8em&#8221; custom_margin=&#8221;|||&#8221; custom_padding=&#8221;|||&#8221; border_radii=&#8221;on|10px|10px|10px|10px&#8221; border_width_all=&#8221;0px&#8221; box_shadow_style=&#8221;preset1&#8243; box_shadow_vertical=&#8221;10px&#8221; box_shadow_blur=&#8221;60px&#8221; box_shadow_color=&#8221;rgba(0,0,0,0.1)&#8221; locked=&#8221;off&#8221;][\/et_pb_blog][\/et_pb_column][\/et_pb_row][\/et_pb_section]<\/p>\n","protected":false},"excerpt":{"rendered":"<p>Spara Pengar Med Ett Kreditkort De finns massor av kreditkort och det \u00e4r sv\u00e5rt att hitta det b\u00e4sta, m\u00e5nga orkar inte leta efter de och betalar d\u00e4rf\u00f6r on\u00f6diga utgifter som man troligen inte har koll p\u00e5. Komplett \u00e4r det b\u00e4sta och det jag personligen anv\u00e4nder, du kan spara pengar genom att anv\u00e4nda Kompletts kreditkort som [&hellip;]<\/p>\n","protected":false},"author":4,"featured_media":0,"parent":0,"menu_order":0,"comment_status":"closed","ping_status":"closed","template":"","meta":{"_et_pb_use_builder":"on","_et_pb_old_content":"","_et_gb_content_width":"","footnotes":""},"_links":{"self":[{"href":"https:\/\/allakanspara.se\/index.php?rest_route=\/wp\/v2\/pages\/1560"}],"collection":[{"href":"https:\/\/allakanspara.se\/index.php?rest_route=\/wp\/v2\/pages"}],"about":[{"href":"https:\/\/allakanspara.se\/index.php?rest_route=\/wp\/v2\/types\/page"}],"author":[{"embeddable":true,"href":"https:\/\/allakanspara.se\/index.php?rest_route=\/wp\/v2\/users\/4"}],"replies":[{"embeddable":true,"href":"https:\/\/allakanspara.se\/index.php?rest_route=%2Fwp%2Fv2%2Fcomments&post=1560"}],"version-history":[{"count":29,"href":"https:\/\/allakanspara.se\/index.php?rest_route=\/wp\/v2\/pages\/1560\/revisions"}],"predecessor-version":[{"id":2158,"href":"https:\/\/allakanspara.se\/index.php?rest_route=\/wp\/v2\/pages\/1560\/revisions\/2158"}],"wp:attachment":[{"href":"https:\/\/allakanspara.se\/index.php?rest_route=%2Fwp%2Fv2%2Fmedia&parent=1560"}],"curies":[{"name":"wp","href":"https:\/\/api.w.org\/{rel}","templated":true}]}}